{"id":10,"date":"2013-01-16T11:14:33","date_gmt":"2013-01-16T10:14:33","guid":{"rendered":"http:\/\/test16.terragraph.pl\/?page_id=10"},"modified":"2013-08-13T11:21:31","modified_gmt":"2013-08-13T09:21:31","slug":"oferta","status":"publish","type":"page","link":"https:\/\/kozuchowska.pl\/?page_id=10","title":{"rendered":"Oferta"},"content":{"rendered":"<p>&nbsp;<\/p>\n<p><b>Szanowni Pa\u0144stwo<\/b><\/p>\n<p>Mam przyjemno\u015b\u0107 przedstawi\u0107 Pa\u0144stwu ofert\u0119 us\u0142ug w zakresie czynno\u015bci doradztwa podatkowego w sk\u0142ad kt\u00f3rego wchodz\u0105:<\/p>\n<p><strong>1. Dla rozpoczynaj\u0105cych dzia\u0142alno\u015b\u0107 gospodarcz\u0105<\/strong><\/p>\n<ul>\n<li>bezp\u0142atna pomoc w wype\u0142nianiu formularzy rejestracyjnych<\/li>\n<li>fachowe doradztwo w wyborze formy opodatkowania przychod\u00f3w uzyskiwanych z dzia\u0142alno\u015bci gospodarczej<\/li>\n<\/ul>\n<p><strong>2.\u00a0 Pe\u0142na Ksi\u0119gowo\u015b\u0107, KPiR, Rycza\u0142t<\/strong><\/p>\n<ul>\n<li>udzielanie porad, opinii i wyja\u015bnie\u0144 z zakresu zobowi\u0105za\u0144 podatkowych<\/li>\n<li>prowadzenie ksi\u0105g handlowych zgodnie z ustaw\u0105 o rachunkowo\u015bci<\/li>\n<li>komputerowe prowadzenie KPiR lub ewidencji przychod\u00f3w<\/li>\n<li>prowadzenie\u00a0rejestr\u00f3w zakupu i sprzeda\u017cy do\u00a0cel\u00f3w podatku VAT<\/li>\n<li>prowadzenie ewidencji \u015brodk\u00f3w trwa\u0142ych, warto\u015bci niematerialnych i prawnych,\u00a0 wyposa\u017cenia<\/li>\n<li>sporz\u0105dzanie sprawozda\u0144 finansowych<\/li>\n<li>sporz\u0105dzanie zezna\u0144 i deklaracji podatkowych : miesi\u0119cznych, kwartalnych,rocznych<\/li>\n<li>opracowywanie wniosk\u00f3w kredytowych<\/li>\n<li>sporz\u0105dzanie sprawozda\u0144 statystycznych wymaganych przez GUS<\/li>\n<li>sporz\u0105dzanie deklaracji INTRASTAT<\/li>\n<li>sporz\u0105dzanie wniosk\u00f3w o pomoc de minimis ( umorzenia, odroczenia terminu p\u0142atno\u015bci \u00a0podatku, wnioski ratalne)<\/li>\n<li>sporz\u0105dzanie sprawozda\u0144 o ochronie \u015brodowiska<\/li>\n<li>pe\u0142nomocnictwo w post\u0119powaniu odwo\u0142awczym i wyst\u0119powaniu w imieniu podatnika przed Urz\u0119dem Skarbowym oraz\u00a0Naczelnym S\u0105dem Administracyjnym<\/li>\n<\/ul>\n<p><strong>3.\u00a0 Obs\u0142uga Kadrowo-P\u0142acowa<\/strong><\/p>\n<ul>\n<li>sporz\u0105dzanie list p\u0142ac i miesi\u0119cznych\u00a0deklaracji rozliczeniowych do ZUS<\/li>\n<li>elektroniczna wysy\u0142ka dokument\u00f3w do ZUS w imieniu podatnika<\/li>\n<li>prowadzenie ewidencji pracownik\u00f3w<\/li>\n<li>przygotowywanie um\u00f3w o prac\u0119 i \u015bwiadectw pracy<\/li>\n<li>przygotowywanie um\u00f3w cywilnoprawnych i praktyk absolwenckich<\/li>\n<li>sporz\u0105dzanie zg\u0142osze\u0144 i wyrejestrowa\u0144 pracownik\u00f3w do ZUS<\/li>\n<li>prowadzenie akt osobowych<\/li>\n<li>sporz\u0105dzanie deklaracji PIT-11, PIT-40<\/li>\n<li>sporz\u0105dzanie za\u015bwiadcze\u0144 dla cel\u00f3w ZUS<\/li>\n<li>sporz\u0105dzanie za\u015bwiadcze\u0144 o dochodach dla cel\u00f3w kredytowych<\/li>\n<li>sporz\u0105dzanie druk\u00f3w ZUS RMUA<\/li>\n<li>reprezentowanie przedsi\u0119biorstwa, w tym pomoc podczas kontroli z ZUS<\/li>\n<\/ul>\n<p><strong>4.\u00a0 Us\u0142ugi dla os\u00f3b nieprowadz\u0105cych dzia\u0142alno\u015bci gospodarczej<\/strong><\/p>\n<ul>\n<li>sporz\u0105dzanie rocznych rozlicze\u0144 podatkowych<\/li>\n<li>porady dotycz\u0105ce dochod\u00f3w uzyskanych z um\u00f3w o prac\u0119, um\u00f3w cywilnoprawnych<\/li>\n<li>rozliczanie dochod\u00f3w uzyskanych za granic\u0105<\/li>\n<li>rozliczanie podatk\u00f3w z najmu i dzier\u017cawy<\/li>\n<li>zwrot wydatk\u00f3w zwi\u0105zanych z budownictwem mieszkaniowym<\/li>\n<\/ul>\n<p>&nbsp;<\/p>\n<p>Nasze us\u0142ugi cechuje dba\u0142o\u015b\u0107 o interesy klient\u00f3w oraz mo\u017cliwo\u015b\u0107 adaptacji do ich indywidualnych potrzeb: istnieje mo\u017cliwo\u015b\u0107 osobistego odbioru dokument\u00f3w przez pracownika biura, e-ksi\u0119gowo\u015b\u0107.<\/p>\n","protected":false},"excerpt":{"rendered":"<p>&nbsp; Szanowni Pa\u0144stwo Mam przyjemno\u015b\u0107 przedstawi\u0107 Pa\u0144stwu ofert\u0119 us\u0142ug w zakresie czynno\u015bci doradztwa podatkowego w sk\u0142ad kt\u00f3rego wchodz\u0105: 1. Dla rozpoczynaj\u0105cych dzia\u0142alno\u015b\u0107 gospodarcz\u0105 bezp\u0142atna pomoc w wype\u0142nianiu formularzy rejestracyjnych fachowe doradztwo w wyborze formy opodatkowania przychod\u00f3w uzyskiwanych z dzia\u0142alno\u015bci gospodarczej 2.\u00a0 Pe\u0142na Ksi\u0119gowo\u015b\u0107, KPiR, Rycza\u0142t udzielanie porad, opinii i wyja\u015bnie\u0144 z zakresu zobowi\u0105za\u0144 podatkowych prowadzenie [&hellip;]<\/p>\n","protected":false},"author":1,"featured_media":0,"parent":0,"menu_order":2,"comment_status":"closed","ping_status":"closed","template":"","meta":[],"_links":{"self":[{"href":"https:\/\/kozuchowska.pl\/index.php?rest_route=\/wp\/v2\/pages\/10"}],"collection":[{"href":"https:\/\/kozuchowska.pl\/index.php?rest_route=\/wp\/v2\/pages"}],"about":[{"href":"https:\/\/kozuchowska.pl\/index.php?rest_route=\/wp\/v2\/types\/page"}],"author":[{"embeddable":true,"href":"https:\/\/kozuchowska.pl\/index.php?rest_route=\/wp\/v2\/users\/1"}],"replies":[{"embeddable":true,"href":"https:\/\/kozuchowska.pl\/index.php?rest_route=%2Fwp%2Fv2%2Fcomments&post=10"}],"version-history":[{"count":9,"href":"https:\/\/kozuchowska.pl\/index.php?rest_route=\/wp\/v2\/pages\/10\/revisions"}],"predecessor-version":[{"id":124,"href":"https:\/\/kozuchowska.pl\/index.php?rest_route=\/wp\/v2\/pages\/10\/revisions\/124"}],"wp:attachment":[{"href":"https:\/\/kozuchowska.pl\/index.php?rest_route=%2Fwp%2Fv2%2Fmedia&parent=10"}],"curies":[{"name":"wp","href":"https:\/\/api.w.org\/{rel}","templated":true}]}}