{"id":107,"date":"2013-04-29T12:58:31","date_gmt":"2013-04-29T10:58:31","guid":{"rendered":"http:\/\/kozuchowska.pl\/?page_id=107"},"modified":"2013-04-29T13:09:25","modified_gmt":"2013-04-29T11:09:25","slug":"cookie-policy","status":"publish","type":"page","link":"https:\/\/kozuchowska.pl\/?page_id=107","title":{"rendered":"Polityka cookies"},"content":{"rendered":"<p>Jolanta Ko\u017cuchowska jako administrator strony kozuchowska.pl\u00a0przywi\u0105zuje szczeg\u00f3ln\u0105 wag\u0119 do poszanowania prywatno\u015bci u\u017cytkownik\u00f3w odwiedzaj\u0105cych serwis\u00a0<a href=\"http:\/\/www.dlakobiety.com.pl\/\">http:\/\/www.kozuchowska.pl<\/a>. Gromadzone w dziennikach log\u00f3w dane s\u0105 wykorzystywane wy\u0142\u0105cznie do cel\u00f3w administrowania serwisem. Wszelkie dane u\u017cytkownik\u00f3w uzyskane za po\u015brednictwem serwisu przeznaczone s\u0105 wy\u0142\u0105cznie na u\u017cytek administratora.<\/p>\n<p>Administratorem danych jest\u00a0Jolanta Ko\u017cuchowska z siedzib\u0105 w Bielsku-Bia\u0142ej, ul. Powsta\u0144c\u00f3w \u015al\u0105skich 6<\/p>\n<p>Serwis\u00a0administratora zawieraja odno\u015bniki do innych stron internetowych. Nie mo\u017cemy ponosi\u0107 odpowiedzialno\u015bci za zasady zachowania prywatno\u015bci obowi\u0105zuj\u0105ce na innych stronach. Zach\u0119camy, by po przej\u015bciu na inn\u0105 stron\u0119 internetow\u0105 zapozna\u0107 si\u0119 z ich polityk\u0105 prywatno\u015bci.<\/p>\n<p>Jakie dane zbieramy o u\u017cytkowniku?<\/p>\n<p>Podczas Twojej wizyty nasze serwery automatycznie zapisuj\u0105 tzw. logi systemowe &#8211; anonimowe informacje takie jak czas twojej wizyty, adres ip, adres url, przegl\u0105darka, itp.<\/p>\n<p>Zebrane logi przechowywane s\u0105 przez czas nieokre\u015blony jako materia\u0142 pomocniczy s\u0142u\u017c\u0105cy do administrowania serwisem. Informacje w nich zawarte nie s\u0105 ujawniane nikomu poza osobami upowa\u017cnionymi do administrowania serwerem oraz sieci\u0105.<\/p>\n<p>Dodatkowo nasz serwis gromadzi anonimowe dane dotycz\u0105ce odwiedzanych stron takie jak: liczba odwiedzin, kraj, przegl\u0105darka, czas wizyty itp. Analizujemy gromadzone dane korzystaj\u0105c z rozwi\u0105zania zewn\u0119trznego dostawcy. Aktualnie u\u017cywamy Google Analytics. Narz\u0119dzie dzia\u0142a w oparciu o tzw. pliki cookie i nie udost\u0119pnia danych umo\u017cliwiaj\u0105cych identyfikacj\u0119 osoby. Prosimy o zapoznanie si\u0119 ze szczeg\u00f3\u0142ami polityki prywatno\u015bci Google Analytics.<\/p>\n<p>Gdy kontaktujesz si\u0119 z nami za pomoc\u0105 formularza kontaktowego, telefonu, poczty e-mail, itp. przekazujesz nam swoje dane osobowe, np. imi\u0119, nazwisko, adres e-mail, itp. Dane te wykorzystywane s\u0105 w celu kontaktowym \u2013 sporz\u0105dzeniu odpowiedzi na pytanie.<\/p>\n<p>Je\u017celi zapisa\u0142e\u015b si\u0119 do naszego newsletter-a lub w inny spos\u00f3b zosta\u0142e\u015b dodany do bazy subskrybent\u00f3w wykorzystamy twoje dane w celu wys\u0142ania ci naszych aktualnych wiadomo\u015bci.<\/p>\n<p>W ka\u017cdej chwili masz mo\u017cliwo\u015b\u0107 wypisania si\u0119 z bazy subskrybent\u00f3w bezpo\u015brednio\u00a0informujac nas o tym\u00a0lub u\u017cywaj\u0105c odno\u015bnika zawartego w stopce wiadomo\u015bci przes\u0142anej na tw\u00f3j adres email.<\/p>\n<p>Wykorzystanie ciasteczek (&#8222;cookies&#8221;)<\/p>\n<p>Serwis\u00a0<a href=\"http:\/\/www.dlakobiety.com.pl\/\">www.kozuchowska.pl<\/a>\u00a0wykorzystuje ciasteczka (\u201ecookies\u201d). Identyfikuj\u0105 one Twoj\u0105 przegl\u0105dark\u0119 oraz usprawniaj\u0105 dzia\u0142anie serwisu. Pami\u0119taj, \u017ce mo\u017cesz samodzielnie zarz\u0105dza\u0107 cookies, zmieniaj\u0105c ustawienia przegl\u0105darki. Brak zmiany ustawienia przegl\u0105darki oznacza wyra\u017cenie zgody na ich u\u017cywanie.<\/p>\n","protected":false},"excerpt":{"rendered":"<p>Jolanta Ko\u017cuchowska jako administrator strony kozuchowska.pl\u00a0przywi\u0105zuje szczeg\u00f3ln\u0105 wag\u0119 do poszanowania prywatno\u015bci u\u017cytkownik\u00f3w odwiedzaj\u0105cych serwis\u00a0http:\/\/www.kozuchowska.pl. Gromadzone w dziennikach log\u00f3w dane s\u0105 wykorzystywane wy\u0142\u0105cznie do cel\u00f3w administrowania serwisem. Wszelkie dane u\u017cytkownik\u00f3w uzyskane za po\u015brednictwem serwisu przeznaczone s\u0105 wy\u0142\u0105cznie na u\u017cytek administratora. Administratorem danych jest\u00a0Jolanta Ko\u017cuchowska z siedzib\u0105 w Bielsku-Bia\u0142ej, ul. Powsta\u0144c\u00f3w \u015al\u0105skich 6 Serwis\u00a0administratora zawieraja odno\u015bniki do [&hellip;]<\/p>\n","protected":false},"author":1,"featured_media":0,"parent":2,"menu_order":0,"comment_status":"closed","ping_status":"closed","template":"","meta":[],"_links":{"self":[{"href":"https:\/\/kozuchowska.pl\/index.php?rest_route=\/wp\/v2\/pages\/107"}],"collection":[{"href":"https:\/\/kozuchowska.pl\/index.php?rest_route=\/wp\/v2\/pages"}],"about":[{"href":"https:\/\/kozuchowska.pl\/index.php?rest_route=\/wp\/v2\/types\/page"}],"author":[{"embeddable":true,"href":"https:\/\/kozuchowska.pl\/index.php?rest_route=\/wp\/v2\/users\/1"}],"replies":[{"embeddable":true,"href":"https:\/\/kozuchowska.pl\/index.php?rest_route=%2Fwp%2Fv2%2Fcomments&post=107"}],"version-history":[{"count":5,"href":"https:\/\/kozuchowska.pl\/index.php?rest_route=\/wp\/v2\/pages\/107\/revisions"}],"predecessor-version":[{"id":112,"href":"https:\/\/kozuchowska.pl\/index.php?rest_route=\/wp\/v2\/pages\/107\/revisions\/112"}],"up":[{"embeddable":true,"href":"https:\/\/kozuchowska.pl\/index.php?rest_route=\/wp\/v2\/pages\/2"}],"wp:attachment":[{"href":"https:\/\/kozuchowska.pl\/index.php?rest_route=%2Fwp%2Fv2%2Fmedia&parent=107"}],"curies":[{"name":"wp","href":"https:\/\/api.w.org\/{rel}","templated":true}]}}