{"id":14,"date":"2013-01-16T11:15:22","date_gmt":"2013-01-16T10:15:22","guid":{"rendered":"http:\/\/test16.terragraph.pl\/?page_id=14"},"modified":"2013-08-13T11:21:37","modified_gmt":"2013-08-13T09:21:37","slug":"kontakt","status":"publish","type":"page","link":"https:\/\/kozuchowska.pl\/?page_id=14","title":{"rendered":"Kontakt"},"content":{"rendered":"<h1>Adres\u00a0i telefony<\/h1>\n<p><b>Doradca Podatkowy<br \/>\nmgr Jolanta Ko\u017cuchowska<\/b><\/p>\n<p>43-300 Bielsko-Bia\u0142a<br \/>\nul. Powsta\u0144c\u00f3w \u015al\u0105skich 6<\/p>\n<p><b>Telefon:<\/b><br \/>\n(033) 828 58 54<\/p>\n<p><b>Telefony kom\u00f3rkowe:<\/b><br \/>\n(0) 501 793 552<\/p>\n<p>(0) 728-464-150<\/p>\n<p><b>E-mail:<\/b><br \/>\n<a href=\"mailto:jolantakozuchowska@nrg.pl\">jolantakozuchowska@nrg.pl<\/a><\/p>\n<div id=\"flxmap-69e77338c647f\" class='flxmap-container' data-flxmap='flxmap_69e77338c647f' style=\"width:500px;height:400px;\"><\/div>\n<script data-noptimize=\"1\">\n\/* <![CDATA[ *\/\n(function(w, fn) {\n if (w.addEventListener) w.addEventListener(\"DOMContentLoaded\", fn, false);\n else if (w.attachEvent) w.attachEvent(\"onload\", fn);\n})(window, function() {\n var f = new FlexibleMap();\n f.setlocale(\"pl-PL\");\n f.markerTitle = \"Biuro rachunkowe\";\n f.markerDescription = \"Doradca podatkowy, tel.(033) 828 58 54 \";\n f.showMarker(\"flxmap-69e77338c647f\", [49.817552,19.043791], [49.817552,19.043791]);\n window.flxmap_69e77338c647f = f;\n});\n\/* ]]> *\/\n<\/script>\n\n","protected":false},"excerpt":{"rendered":"<p>Adres\u00a0i telefony Doradca Podatkowy mgr Jolanta Ko\u017cuchowska 43-300 Bielsko-Bia\u0142a ul. Powsta\u0144c\u00f3w \u015al\u0105skich 6 Telefon: (033) 828 58 54 Telefony kom\u00f3rkowe: (0) 501 793 552 (0) 728-464-150 E-mail: jolantakozuchowska@nrg.pl<\/p>\n","protected":false},"author":1,"featured_media":0,"parent":0,"menu_order":3,"comment_status":"closed","ping_status":"closed","template":"","meta":[],"_links":{"self":[{"href":"https:\/\/kozuchowska.pl\/index.php?rest_route=\/wp\/v2\/pages\/14"}],"collection":[{"href":"https:\/\/kozuchowska.pl\/index.php?rest_route=\/wp\/v2\/pages"}],"about":[{"href":"https:\/\/kozuchowska.pl\/index.php?rest_route=\/wp\/v2\/types\/page"}],"author":[{"embeddable":true,"href":"https:\/\/kozuchowska.pl\/index.php?rest_route=\/wp\/v2\/users\/1"}],"replies":[{"embeddable":true,"href":"https:\/\/kozuchowska.pl\/index.php?rest_route=%2Fwp%2Fv2%2Fcomments&post=14"}],"version-history":[{"count":21,"href":"https:\/\/kozuchowska.pl\/index.php?rest_route=\/wp\/v2\/pages\/14\/revisions"}],"predecessor-version":[{"id":125,"href":"https:\/\/kozuchowska.pl\/index.php?rest_route=\/wp\/v2\/pages\/14\/revisions\/125"}],"wp:attachment":[{"href":"https:\/\/kozuchowska.pl\/index.php?rest_route=%2Fwp%2Fv2%2Fmedia&parent=14"}],"curies":[{"name":"wp","href":"https:\/\/api.w.org\/{rel}","templated":true}]}}