{"id":2,"date":"2013-01-16T10:46:58","date_gmt":"2013-01-16T09:46:58","guid":{"rendered":"http:\/\/test16.terragraph.pl\/?page_id=2"},"modified":"2013-08-13T11:21:15","modified_gmt":"2013-08-13T09:21:15","slug":"sample-page","status":"publish","type":"page","link":"https:\/\/kozuchowska.pl\/?page_id=2","title":{"rendered":"O firmie"},"content":{"rendered":"<p>Firma doradztwa podatkowego wraz z kompleksow\u0105 obs\u0142ug\u0105 podatkowo-ksi\u0119gow\u0105\u00a0powsta\u0142a w 1999 roku.<\/p>\n<p>Wykonuj\u0119 zaw\u00f3d zaufania publicznego\u00a0na podstawie zdanego egzaminu na doradc\u0119 podatkowego (numer wpisu- 08872), co \u00a0zobowi\u0105zuje do przestrzegania tajemnicy i etyki zawodowej.<\/p>\n<p>Nale\u017c\u0119 do Krajowej Izby Doradc\u00f3w Podatkowych i podlegam obowi\u0105zkowemu ubezpieczeniu OC.<\/p>\n<p>Pracownicy biura s\u0105 na bie\u017c\u0105co szkoleni z zakresu zmieniaj\u0105cych si\u0119 przepis\u00f3w prawa podatkowego, prawa pracy i prawa handlowego celem jak najrzetelniejszego i profesjonalnego \u015bwiadczenia us\u0142ug.<\/p>\n<p>Naszym klientom gwarantujemy zachowanie ca\u0142kowitej poufno\u015bci posiadanych informacji dotycz\u0105cych ich przedsi\u0119biorstw w okresie trwania umowy, jak r\u00f3wnie\u017c po jej zako\u0144czeniu. Wszystkie poznane przeze mnie informacje i fakty dotycz\u0105ce moich klient\u00f3w s\u0105 obj\u0119te tajemnic\u0105 wobec os\u00f3b trzecich.<\/p>\n<p>Kieruj\u0105c si\u0119 zawsze dobrem swoich klient\u00f3w pragn\u0119 zapewni\u0107 i\u017c \u015bwiadczone us\u0142ugi s\u0105 wykonywane z nale\u017cyt\u0105 staranno\u015bci\u0105, zgodnie z obowi\u0105zuj\u0105cymi przepisami prawa, zasadami etyki zawodowej.<\/p>\n<p><strong><em>Nasze biuro to rzetelny i uczciwy partner, kt\u00f3ry zapewni spok\u00f3j i stabilno\u015b\u0107 klientom w prowadzeniu ich biznesu.<\/em><\/strong><\/p>\n<p>&nbsp;<\/p>\n<p>Wszelkich dodatkowych informacji udziel\u0119 Pa\u0144stwu osobi\u015bcie.<\/p>\n<p>Zapraszam do wsp\u00f3\u0142pracy.<\/p>\n<p>&nbsp;<\/p>\n<p><i>Z wyrazami szacunku<\/i><\/p>\n<p><i>Jolanta Ko\u017cuchowska<\/i><\/p>\n<p>&nbsp;<\/p>\n","protected":false},"excerpt":{"rendered":"<p>Firma doradztwa podatkowego wraz z kompleksow\u0105 obs\u0142ug\u0105 podatkowo-ksi\u0119gow\u0105\u00a0powsta\u0142a w 1999 roku. Wykonuj\u0119 zaw\u00f3d zaufania publicznego\u00a0na podstawie zdanego egzaminu na doradc\u0119 podatkowego (numer wpisu- 08872), co \u00a0zobowi\u0105zuje do przestrzegania tajemnicy i etyki zawodowej. Nale\u017c\u0119 do Krajowej Izby Doradc\u00f3w Podatkowych i podlegam obowi\u0105zkowemu ubezpieczeniu OC. Pracownicy biura s\u0105 na bie\u017c\u0105co szkoleni z zakresu zmieniaj\u0105cych si\u0119 przepis\u00f3w prawa [&hellip;]<\/p>\n","protected":false},"author":1,"featured_media":0,"parent":0,"menu_order":1,"comment_status":"closed","ping_status":"closed","template":"","meta":[],"_links":{"self":[{"href":"https:\/\/kozuchowska.pl\/index.php?rest_route=\/wp\/v2\/pages\/2"}],"collection":[{"href":"https:\/\/kozuchowska.pl\/index.php?rest_route=\/wp\/v2\/pages"}],"about":[{"href":"https:\/\/kozuchowska.pl\/index.php?rest_route=\/wp\/v2\/types\/page"}],"author":[{"embeddable":true,"href":"https:\/\/kozuchowska.pl\/index.php?rest_route=\/wp\/v2\/users\/1"}],"replies":[{"embeddable":true,"href":"https:\/\/kozuchowska.pl\/index.php?rest_route=%2Fwp%2Fv2%2Fcomments&post=2"}],"version-history":[{"count":12,"href":"https:\/\/kozuchowska.pl\/index.php?rest_route=\/wp\/v2\/pages\/2\/revisions"}],"predecessor-version":[{"id":122,"href":"https:\/\/kozuchowska.pl\/index.php?rest_route=\/wp\/v2\/pages\/2\/revisions\/122"}],"wp:attachment":[{"href":"https:\/\/kozuchowska.pl\/index.php?rest_route=%2Fwp%2Fv2%2Fmedia&parent=2"}],"curies":[{"name":"wp","href":"https:\/\/api.w.org\/{rel}","templated":true}]}}